{"id":11607,"date":"2026-04-09T12:10:43","date_gmt":"2026-04-09T10:10:43","guid":{"rendered":"https:\/\/funtasticdraculacarnival.net\/home-funtastic-2026\/"},"modified":"2026-04-09T17:38:21","modified_gmt":"2026-04-09T15:38:21","slug":"home-funtastic-2026","status":"publish","type":"page","link":"https:\/\/funtasticdraculacarnival.net\/en\/","title":{"rendered":"Back to the future &#8211; Funtastic 2026"},"content":{"rendered":"<h1>FUNTASTIC<\/h1>\n<h2>DR\u00c1CULA CARNIVAL XXI<\/h2>\n<h1>FUNTASTIC<\/h1>\n<h2>DR\u00c1CULA CARNIVAL XXI<\/h2>\n<p><img decoding=\"async\" src=\"\/wp-content\/uploads\/2026\/04\/IMG_1865.png\" alt=\"\" \/><\/p>\n<h2>KU DISCO, BENIDORM (SPAIN)<\/h2>\n<h3>9\/10\/11 OCT 2026<\/h3>\n<h2>MORE INFO COMING SOON!!!<\/h2>\n<h2>KU DISCO, BENIDORM (SPAIN)<\/h2>\n<h3>9\/10\/11 OCT 2026<\/h3>\n<h2>MORE INFO COMING SOON!!!<\/h2>\n<p><!--more--><br \/>\n<!-- {\"type\":\"layout\",\"children\":[{\"type\":\"section\",\"props\":{\"height\":\"expand\",\"image_position\":\"center-center\",\"padding\":\"none\",\"sticky\":\"cover\",\"style\":\"primary\",\"title_breakpoint\":\"xl\",\"title_position\":\"top-left\",\"title_rotation\":\"left\",\"vertical_align\":\"middle\",\"width\":\"\",\"yooessentials_access_conditions\":[{\"type\":\"yooessentials_access_device\",\"id\":\"ci_D2CCD2\",\"props\":{\"devices\":[\"mobile\"],\"name\":\"Escritorio\",\"reversed\":true}}],\"yooessentials_access_mode\":\"AND\"},\"children\":[{\"type\":\"row\",\"children\":[{\"type\":\"column\",\"props\":{\"image_position\":\"center-center\",\"position_sticky_breakpoint\":\"m\"},\"children\":[{\"type\":\"headline\",\"props\":{\"content\":\"FUNTASTIC\",\"margin\":\"remove-vertical\",\"text_align\":\"center\",\"title_color\":\"danger\",\"title_element\":\"h1\",\"title_style\":\"heading-2xlarge\"}},{\"type\":\"headline\",\"props\":{\"content\":\"DR\\u00c1CULA CARNIVAL XXI\",\"margin\":\"remove-vertical\",\"margin_remove_top\":false,\"text_align\":\"center\",\"title_color\":\"danger\",\"title_element\":\"h2\",\"title_style\":\"heading-large\"}}]}]}],\"name\":\"Escritorio\"},{\"type\":\"section\",\"props\":{\"image_position\":\"center-center\",\"padding\":\"none\",\"sticky\":\"cover\",\"style\":\"primary\",\"title_breakpoint\":\"xl\",\"title_position\":\"top-left\",\"title_rotation\":\"left\",\"vertical_align\":\"middle\",\"width\":\"\",\"yooessentials_access_conditions\":[{\"type\":\"yooessentials_access_device\",\"id\":\"ci_E6B568\",\"props\":{\"devices\":[\"mobile\"],\"reversed\":false}}],\"yooessentials_access_mode\":\"AND\"},\"children\":[{\"type\":\"row\",\"children\":[{\"type\":\"column\",\"props\":{\"image_position\":\"center-center\",\"position_sticky_breakpoint\":\"m\"},\"children\":[{\"type\":\"headline\",\"props\":{\"content\":\"FUNTASTIC\",\"margin\":\"remove-vertical\",\"text_align\":\"center\",\"title_color\":\"danger\",\"title_element\":\"h1\",\"title_style\":\"heading-medium\"}},{\"type\":\"headline\",\"props\":{\"content\":\"DR\\u00c1CULA CARNIVAL XXI\",\"margin\":\"remove-vertical\",\"margin_remove_top\":false,\"text_align\":\"center\",\"title_color\":\"danger\",\"title_element\":\"h2\",\"title_style\":\"heading-medium\"}}]}]}],\"name\":\"M\\u00f3vil y tablet\"},{\"type\":\"section\",\"props\":{\"animation\":\"fade\",\"image_position\":\"center-center\",\"overlap\":false,\"padding\":\"none\",\"style\":\"primary\",\"title_breakpoint\":\"xl\",\"title_position\":\"top-left\",\"title_rotation\":\"left\",\"vertical_align\":\"middle\",\"width\":\"\"},\"children\":[{\"type\":\"row\",\"props\":{\"margin\":\"remove-vertical\",\"parallax\":false,\"parallax_start\":\"0\"},\"children\":[{\"type\":\"column\",\"props\":{\"image_position\":\"center-center\",\"position_sticky_breakpoint\":\"m\"},\"children\":[{\"type\":\"image\",\"props\":{\"animation\":\"none\",\"image\":\"wp-content\\\/uploads\\\/2026\\\/04\\\/IMG_1865.png\",\"image_focal_point\":\"bottom-center\",\"image_svg_color\":\"emphasis\",\"image_viewport_height\":false,\"margin\":\"remove-vertical\",\"margin_remove_bottom\":false,\"parallax_y\":\"-50\",\"position_bottom\":\"-300\"}}]}]}]},{\"type\":\"section\",\"props\":{\"image_position\":\"center-center\",\"padding\":\"none\",\"style\":\"secondary\",\"title_breakpoint\":\"xl\",\"title_position\":\"top-left\",\"title_rotation\":\"left\",\"vertical_align\":\"middle\",\"width\":\"\",\"yooessentials_access_conditions\":[{\"type\":\"yooessentials_access_device\",\"id\":\"ci_D2CCD2\",\"props\":{\"devices\":[\"mobile\"],\"name\":\"Escritorio\",\"reversed\":true}}],\"yooessentials_access_mode\":\"AND\"},\"children\":[{\"type\":\"row\",\"children\":[{\"type\":\"column\",\"props\":{\"image_position\":\"center-center\",\"position_sticky_breakpoint\":\"m\"},\"children\":[{\"type\":\"headline\",\"props\":{\"content\":\"KU DISCO, BENIDORM (SPAIN)\",\"margin\":\"remove-vertical\",\"margin_remove_top\":false,\"text_align\":\"center\",\"title_color\":\"secondary\",\"title_element\":\"h2\",\"title_style\":\"heading-large\"}},{\"type\":\"headline\",\"props\":{\"content\":\"9\\\/10\\\/11 OCT 2026\",\"margin\":\"remove-vertical\",\"text_align\":\"center\",\"title_color\":\"warning\",\"title_element\":\"h3\",\"title_style\":\"heading-2xlarge\"}},{\"type\":\"headline\",\"props\":{\"content\":\"MORE INFO COMING SOON!!!\",\"margin\":\"remove-vertical\",\"margin_remove_top\":false,\"text_align\":\"center\",\"title_color\":\"secondary\",\"title_element\":\"h2\",\"title_style\":\"heading-large\"}}]}]}],\"name\":\"Escritorio\"},{\"type\":\"section\",\"props\":{\"image_position\":\"center-center\",\"padding\":\"none\",\"sticky\":\"cover\",\"style\":\"secondary\",\"title_breakpoint\":\"xl\",\"title_position\":\"top-left\",\"title_rotation\":\"left\",\"vertical_align\":\"middle\",\"width\":\"\",\"yooessentials_access_conditions\":[{\"type\":\"yooessentials_access_device\",\"id\":\"ci_E6B568\",\"props\":{\"devices\":[\"mobile\"],\"reversed\":false}}],\"yooessentials_access_mode\":\"AND\"},\"children\":[{\"type\":\"row\",\"children\":[{\"type\":\"column\",\"props\":{\"image_position\":\"center-center\",\"position_sticky_breakpoint\":\"m\"},\"children\":[{\"type\":\"headline\",\"props\":{\"content\":\"KU DISCO, BENIDORM (SPAIN)\",\"margin\":\"remove-vertical\",\"margin_remove_top\":false,\"text_align\":\"center\",\"title_color\":\"secondary\",\"title_element\":\"h2\",\"title_style\":\"h2\"}},{\"type\":\"headline\",\"props\":{\"content\":\"9\\\/10\\\/11 OCT 2026\",\"margin\":\"remove-vertical\",\"text_align\":\"center\",\"title_color\":\"warning\",\"title_element\":\"h3\",\"title_style\":\"heading-small\"}},{\"type\":\"headline\",\"props\":{\"content\":\"MORE INFO COMING SOON!!!\",\"margin\":\"remove-vertical\",\"margin_remove_top\":false,\"text_align\":\"center\",\"title_color\":\"secondary\",\"title_element\":\"h2\",\"title_style\":\"h2\"}}]}]}],\"name\":\"M\\u00f3vil y tablet\"}],\"version\":\"4.2.11\",\"yooessentialsVersion\":\"2.1.4\"} --><\/p>\n","protected":false},"excerpt":{"rendered":"<p>FUNTASTIC DR\u00c1CULA CARNIVAL XXI FUNTASTIC DR\u00c1CULA CARNIVAL XXI KU DISCO, BENIDORM (SPAIN) 9\/10\/11 OCT 2026 MORE INFO COMING SOON!!! KU DISCO, BENIDORM (SPAIN) 9\/10\/11 OCT 2026 MORE INFO COMING SOON!!!<\/p>\n","protected":false},"author":2,"featured_media":0,"parent":0,"menu_order":2,"comment_status":"closed","ping_status":"closed","template":"","meta":{"_acf_changed":false,"footnotes":""},"class_list":["post-11607","page","type-page","status-publish","hentry"],"acf":[],"yoast_head":"<!-- This site is optimized with the Yoast SEO plugin v27.3 - https:\/\/yoast.com\/product\/yoast-seo-wordpress\/ -->\n<title>Back to the future - Funtastic 2026 - Funtastic Dr\u00e1cula Carnival<\/title>\n<meta name=\"robots\" content=\"index, follow, max-snippet:-1, max-image-preview:large, max-video-preview:-1\" \/>\n<link rel=\"canonical\" href=\"https:\/\/funtasticdraculacarnival.net\/en\/\" \/>\n<meta property=\"og:locale\" content=\"en_US\" \/>\n<meta property=\"og:type\" content=\"article\" \/>\n<meta property=\"og:title\" content=\"Back to the future - Funtastic 2026 - Funtastic Dr\u00e1cula Carnival\" \/>\n<meta property=\"og:description\" content=\"FUNTASTIC DR\u00c1CULA CARNIVAL XXI FUNTASTIC DR\u00c1CULA CARNIVAL XXI KU DISCO, BENIDORM (SPAIN) 9\/10\/11 OCT 2026 MORE INFO COMING SOON!!! KU DISCO, BENIDORM (SPAIN) 9\/10\/11 OCT 2026 MORE INFO COMING SOON!!!\" \/>\n<meta property=\"og:url\" content=\"https:\/\/funtasticdraculacarnival.net\/en\/\" \/>\n<meta property=\"og:site_name\" content=\"Funtastic Dr\u00e1cula Carnival\" \/>\n<meta property=\"article:publisher\" content=\"https:\/\/www.facebook.com\/people\/FUNTASTIC-DRACULA-CARNIVAL\/100044498766825\/\" \/>\n<meta property=\"article:modified_time\" content=\"2026-04-09T15:38:21+00:00\" \/>\n<meta name=\"twitter:card\" content=\"summary_large_image\" \/>\n<script type=\"application\/ld+json\" class=\"yoast-schema-graph\">{\"@context\":\"https:\\\/\\\/schema.org\",\"@graph\":[{\"@type\":\"WebPage\",\"@id\":\"https:\\\/\\\/funtasticdraculacarnival.net\\\/en\\\/\",\"url\":\"https:\\\/\\\/funtasticdraculacarnival.net\\\/en\\\/\",\"name\":\"Back to the future - Funtastic 2026 - Funtastic Dr\u00e1cula Carnival\",\"isPartOf\":{\"@id\":\"https:\\\/\\\/funtasticdraculacarnival.net\\\/en\\\/#website\"},\"datePublished\":\"2026-04-09T10:10:43+00:00\",\"dateModified\":\"2026-04-09T15:38:21+00:00\",\"breadcrumb\":{\"@id\":\"https:\\\/\\\/funtasticdraculacarnival.net\\\/en\\\/#breadcrumb\"},\"inLanguage\":\"en-US\",\"potentialAction\":[{\"@type\":\"ReadAction\",\"target\":[\"https:\\\/\\\/funtasticdraculacarnival.net\\\/en\\\/\"]}]},{\"@type\":\"BreadcrumbList\",\"@id\":\"https:\\\/\\\/funtasticdraculacarnival.net\\\/en\\\/#breadcrumb\",\"itemListElement\":[{\"@type\":\"ListItem\",\"position\":1,\"name\":\"Portada\",\"item\":\"https:\\\/\\\/funtasticdraculacarnival.net\\\/en\\\/\"},{\"@type\":\"ListItem\",\"position\":2,\"name\":\"Back to the future &#8211; Funtastic 2026\"}]},{\"@type\":\"WebSite\",\"@id\":\"https:\\\/\\\/funtasticdraculacarnival.net\\\/en\\\/#website\",\"url\":\"https:\\\/\\\/funtasticdraculacarnival.net\\\/en\\\/\",\"name\":\"Funtastic Dr\u00e1cula Carnival\",\"description\":\"Join us in 2025 at Benidorm (Spain) for a demented garage punk festival!\",\"publisher\":{\"@id\":\"https:\\\/\\\/funtasticdraculacarnival.net\\\/en\\\/#organization\"},\"potentialAction\":[{\"@type\":\"SearchAction\",\"target\":{\"@type\":\"EntryPoint\",\"urlTemplate\":\"https:\\\/\\\/funtasticdraculacarnival.net\\\/en\\\/?s={search_term_string}\"},\"query-input\":{\"@type\":\"PropertyValueSpecification\",\"valueRequired\":true,\"valueName\":\"search_term_string\"}}],\"inLanguage\":\"en-US\"},{\"@type\":\"Organization\",\"@id\":\"https:\\\/\\\/funtasticdraculacarnival.net\\\/en\\\/#organization\",\"name\":\"Funtastic Dracula Carnival\",\"url\":\"https:\\\/\\\/funtasticdraculacarnival.net\\\/en\\\/\",\"logo\":{\"@type\":\"ImageObject\",\"inLanguage\":\"en-US\",\"@id\":\"https:\\\/\\\/funtasticdraculacarnival.net\\\/en\\\/#\\\/schema\\\/logo\\\/image\\\/\",\"url\":\"https:\\\/\\\/funtasticdraculacarnival.net\\\/wp-content\\\/uploads\\\/2022\\\/05\\\/Logo-Funtastic.png\",\"contentUrl\":\"https:\\\/\\\/funtasticdraculacarnival.net\\\/wp-content\\\/uploads\\\/2022\\\/05\\\/Logo-Funtastic.png\",\"width\":1897,\"height\":1105,\"caption\":\"Funtastic Dracula Carnival\"},\"image\":{\"@id\":\"https:\\\/\\\/funtasticdraculacarnival.net\\\/en\\\/#\\\/schema\\\/logo\\\/image\\\/\"},\"sameAs\":[\"https:\\\/\\\/www.facebook.com\\\/people\\\/FUNTASTIC-DRACULA-CARNIVAL\\\/100044498766825\\\/\",\"https:\\\/\\\/www.instagram.com\\\/funtasticdraculacarnival\\\/\"]}]}<\/script>\n<!-- \/ Yoast SEO plugin. -->","yoast_head_json":{"title":"Back to the future - Funtastic 2026 - Funtastic Dr\u00e1cula Carnival","robots":{"index":"index","follow":"follow","max-snippet":"max-snippet:-1","max-image-preview":"max-image-preview:large","max-video-preview":"max-video-preview:-1"},"canonical":"https:\/\/funtasticdraculacarnival.net\/en\/","og_locale":"en_US","og_type":"article","og_title":"Back to the future - Funtastic 2026 - Funtastic Dr\u00e1cula Carnival","og_description":"FUNTASTIC DR\u00c1CULA CARNIVAL XXI FUNTASTIC DR\u00c1CULA CARNIVAL XXI KU DISCO, BENIDORM (SPAIN) 9\/10\/11 OCT 2026 MORE INFO COMING SOON!!! KU DISCO, BENIDORM (SPAIN) 9\/10\/11 OCT 2026 MORE INFO COMING SOON!!!","og_url":"https:\/\/funtasticdraculacarnival.net\/en\/","og_site_name":"Funtastic Dr\u00e1cula Carnival","article_publisher":"https:\/\/www.facebook.com\/people\/FUNTASTIC-DRACULA-CARNIVAL\/100044498766825\/","article_modified_time":"2026-04-09T15:38:21+00:00","twitter_card":"summary_large_image","schema":{"@context":"https:\/\/schema.org","@graph":[{"@type":"WebPage","@id":"https:\/\/funtasticdraculacarnival.net\/en\/","url":"https:\/\/funtasticdraculacarnival.net\/en\/","name":"Back to the future - Funtastic 2026 - Funtastic Dr\u00e1cula Carnival","isPartOf":{"@id":"https:\/\/funtasticdraculacarnival.net\/en\/#website"},"datePublished":"2026-04-09T10:10:43+00:00","dateModified":"2026-04-09T15:38:21+00:00","breadcrumb":{"@id":"https:\/\/funtasticdraculacarnival.net\/en\/#breadcrumb"},"inLanguage":"en-US","potentialAction":[{"@type":"ReadAction","target":["https:\/\/funtasticdraculacarnival.net\/en\/"]}]},{"@type":"BreadcrumbList","@id":"https:\/\/funtasticdraculacarnival.net\/en\/#breadcrumb","itemListElement":[{"@type":"ListItem","position":1,"name":"Portada","item":"https:\/\/funtasticdraculacarnival.net\/en\/"},{"@type":"ListItem","position":2,"name":"Back to the future &#8211; Funtastic 2026"}]},{"@type":"WebSite","@id":"https:\/\/funtasticdraculacarnival.net\/en\/#website","url":"https:\/\/funtasticdraculacarnival.net\/en\/","name":"Funtastic Dr\u00e1cula Carnival","description":"Join us in 2025 at Benidorm (Spain) for a demented garage punk festival!","publisher":{"@id":"https:\/\/funtasticdraculacarnival.net\/en\/#organization"},"potentialAction":[{"@type":"SearchAction","target":{"@type":"EntryPoint","urlTemplate":"https:\/\/funtasticdraculacarnival.net\/en\/?s={search_term_string}"},"query-input":{"@type":"PropertyValueSpecification","valueRequired":true,"valueName":"search_term_string"}}],"inLanguage":"en-US"},{"@type":"Organization","@id":"https:\/\/funtasticdraculacarnival.net\/en\/#organization","name":"Funtastic Dracula Carnival","url":"https:\/\/funtasticdraculacarnival.net\/en\/","logo":{"@type":"ImageObject","inLanguage":"en-US","@id":"https:\/\/funtasticdraculacarnival.net\/en\/#\/schema\/logo\/image\/","url":"https:\/\/funtasticdraculacarnival.net\/wp-content\/uploads\/2022\/05\/Logo-Funtastic.png","contentUrl":"https:\/\/funtasticdraculacarnival.net\/wp-content\/uploads\/2022\/05\/Logo-Funtastic.png","width":1897,"height":1105,"caption":"Funtastic Dracula Carnival"},"image":{"@id":"https:\/\/funtasticdraculacarnival.net\/en\/#\/schema\/logo\/image\/"},"sameAs":["https:\/\/www.facebook.com\/people\/FUNTASTIC-DRACULA-CARNIVAL\/100044498766825\/","https:\/\/www.instagram.com\/funtasticdraculacarnival\/"]}]}},"_links":{"self":[{"href":"https:\/\/funtasticdraculacarnival.net\/en\/wp-json\/wp\/v2\/pages\/11607","targetHints":{"allow":["GET"]}}],"collection":[{"href":"https:\/\/funtasticdraculacarnival.net\/en\/wp-json\/wp\/v2\/pages"}],"about":[{"href":"https:\/\/funtasticdraculacarnival.net\/en\/wp-json\/wp\/v2\/types\/page"}],"author":[{"embeddable":true,"href":"https:\/\/funtasticdraculacarnival.net\/en\/wp-json\/wp\/v2\/users\/2"}],"replies":[{"embeddable":true,"href":"https:\/\/funtasticdraculacarnival.net\/en\/wp-json\/wp\/v2\/comments?post=11607"}],"version-history":[{"count":2,"href":"https:\/\/funtasticdraculacarnival.net\/en\/wp-json\/wp\/v2\/pages\/11607\/revisions"}],"predecessor-version":[{"id":11632,"href":"https:\/\/funtasticdraculacarnival.net\/en\/wp-json\/wp\/v2\/pages\/11607\/revisions\/11632"}],"wp:attachment":[{"href":"https:\/\/funtasticdraculacarnival.net\/en\/wp-json\/wp\/v2\/media?parent=11607"}],"curies":[{"name":"wp","href":"https:\/\/api.w.org\/{rel}","templated":true}]}}